{"id":13,"date":"2019-06-02T18:45:03","date_gmt":"2019-06-02T16:45:03","guid":{"rendered":"https:\/\/www.plan2000.be\/ecom\/?page_id=13"},"modified":"2019-07-16T15:03:57","modified_gmt":"2019-07-16T13:03:57","slug":"conseils","status":"publish","type":"page","link":"https:\/\/www.plan2000.be\/ecom\/conseils\/","title":{"rendered":"CONSEILS"},"content":{"rendered":"\r\n<p>TRUCS ET ASTUCES<\/p>\r\n\r\n\r\n\r\n<p>HOW TO ET DIDACTICIELS<\/p>\r\n\r\n\r\n\r\n<p>CONSEILS PRATIQUES<\/p>\r\n<p>&nbsp;<\/p>\r\n<div class=\"conseils_h2\">Quel format de fichier utiliser\u00a0?<\/div>\r\n<p>&nbsp;<\/p>\r\n<p>Pr\u00e9f\u00e9rez le format\u00a0<a href=\"https:\/\/www.plan2000.be\/conseils_fr.html#sec3\">PDF<\/a>: il pr\u00e9serve rigoureusement vos mises en page (contrairement aux traitements de texte comme le DOC) ainsi que la qualit\u00e9 des textes et graphiques, respecte les polices de caract\u00e8res, et permet des documents multipages. Pour vos photos, utilisez le TIF plut\u00f4t que JPG : ce dernier implique souvent une compression interne qui g\u00e9n\u00e8re une perte de qualit\u00e9 et de r\u00e9solution.<\/p>\r\n<p>&nbsp;<\/p>\r\n<div class=\"conseils_h2\">Comment pr\u00e9parer mes fichiers\u00a0?<\/div>\r\n<p>&nbsp;<\/p>\r\n<p>Travaillez toujours \u00e0 taille r\u00e9elle (en mm ou cm) : m\u00eame les traitements de texte permettent de changer la taille de la page. Dans un logiciel d\u2019image, cr\u00e9ez vos documents \u00e0 une r\u00e9solution de 300 dpi pour une bonne qualit\u00e9 d\u2019impression. S\u2019il s\u2019agit d\u2019images import\u00e9es (comme des photos trouv\u00e9es sur internet), essayez de n\u2019utiliser que des fichiers \u00e0 150 dpi minimum. Pr\u00e9voyez des\u00a0<a href=\"https:\/\/www.plan2000.be\/conseils_fr.html#sec4\">fonds perdus<\/a>\u00a0(voir plus loin). Respectez et incorporez le\u00a0<a href=\"https:\/\/www.plan2000.be\/conseils_fr.html#sec5\">profil de couleur<\/a>\u00a0de l\u2019image.<\/p>\r\n<p>&nbsp;<\/p>\r\n<div class=\"conseils_h2\">\u00a0Comment convertir mes fichiers en PDF\u00a0?<\/div>\r\n<p>&nbsp;<\/p>\r\n<p>Un fichier PDF peut \u00eatre produit \u00e0 partir de n\u2019importe quel programme, souvent avec la commande Enregistrer sous ou Exporter. Vous pouvez \u00e9galement utiliser Imprimer et s\u00e9lectionner l\u2019option \u00ab\u00a0PDF\u00a0\u00bb (Mac OS) ou \u00ab\u00a0Imprimer dans un fichier\u00a0\u00bb (GNU\/Linux). Sur Windows vous aurez besoin d\u2019un programme qui enregistre en PDF via la commande Imprimer.\u00a0Les programmes ci-dessous sont gratuits :<br \/><a href=\"https:\/\/www.foxitsoftware.com\/\"><img decoding=\"async\" title=\"FoxitReader\" src=\"https:\/\/www.plan2000.be\/images\/ico\/BOUTON_foxitPdfP.png\" alt=\"FoxitReader\" width=\"5%\" height=\"5%\" \/><\/a> <a href=\"http:\/\/www.cutepdf.com\/\"><img decoding=\"async\" title=\"CutePDFWriter\" src=\"https:\/\/www.plan2000.be\/images\/ico\/BOUTON_CutePdfP.png\" alt=\"CutePDFWriter\" width=\"5%\" height=\"5%\" \/><\/a> <a href=\"http:\/\/www.dopdf.com\/\"><img decoding=\"async\" title=\"DoPDF\" src=\"https:\/\/www.plan2000.be\/images\/ico\/BOUTON_doPdfP.png\" alt=\"DoPDF\" width=\"5%\" height=\"5%\" \/><\/a><br \/>Vous pouvez \u00e9galement convertir vos fichiers en passant par des sites internet comme\u00a0:<br \/><a href=\"https:\/\/www.conv2pdf.com\/\"><img decoding=\"async\" title=\"conv2pdf\" src=\"https:\/\/www.plan2000.be\/images\/ico\/BOUTON_ConvToPdfP.png\" alt=\"conv2pdf\" width=\"5%\" height=\"5%\" \/><\/a> <a href=\"https:\/\/www.freepdfconvert.com\/\"><img decoding=\"async\" title=\"FreePDFconvert\" src=\"https:\/\/www.plan2000.be\/images\/ico\/BOUTON_PdfConverterP.png\" alt=\"FreePDFconvert\" width=\"5%\" height=\"5%\" \/><\/a> <a href=\"https:\/\/www.pdfforge.org\/pdfcreator\"><img decoding=\"async\" title=\"PDFCreator\" src=\"https:\/\/www.plan2000.be\/images\/ico\/BOUTON_PdfForgeP.png\" alt=\"PDFCreator\" width=\"5%\" height=\"5%\" \/><\/a><\/p>\r\n<p>&nbsp;<\/p>\r\n<div class=\"conseils_h2\">Comment envoyer mes fichiers\u00a0?<\/div>\r\n<p>&nbsp;<\/p>\r\n<p>Vous pouvez les envoyer en pi\u00e8ce jointe \u00e0 un e-mail s\u2019ils ne sont pas plus lourds que 8 Mo. Dans le cas contraire, utilisez un site de transfert (vous pouvez alors monter jusqu\u2019\u00e0 2 Go).<br \/><a href=\"https:\/\/wetransfer.com\/\"><img decoding=\"async\" title=\"Wetransfer\" src=\"https:\/\/www.plan2000.be\/images\/ico\/BOUTON_WEtransferP.png\" alt=\"Wetransfer\" width=\"5%\" height=\"5%\" \/><\/a> <a href=\"https:\/\/www.hightail.com\/\"><img decoding=\"async\" title=\"Yousendit\" src=\"https:\/\/www.plan2000.be\/images\/ico\/BOUTON_yousenditP.png\" alt=\"Yousendit\" width=\"5%\" height=\"5%\" \/><\/a> <a href=\"https:\/\/www.dropbox.com\/\"><img decoding=\"async\" title=\"Dropbox\" src=\"https:\/\/www.plan2000.be\/images\/ico\/BOUTON_DropboxP.png\" alt=\"Dropbox\" width=\"5%\" height=\"5%\" \/><\/a><br \/><br \/>Il est recommand\u00e9 de nous contacter apr\u00e8s l\u2019envoi de fichiers, pour vous assurer que ceux-ci nous sont bien parvenus et que votre commande est prise en charge.<\/p>\r\n<p>&nbsp;<\/p>\r\n<div class=\"conseils_h2\">Qu\u2019est-ce qu\u2019un fond perdu ?<\/div>\r\n<p>&nbsp;<\/p>\r\n<p><img decoding=\"async\" class=\"img_right\" src=\"https:\/\/www.plan2000.be\/images\/ico\/GRAPH_fondperdu_ex.png\" alt=\"fonds perdus\" border=\"none\" \/>Pour imprimer des images \u00e0 bords perdus (images dont au moins un d\u00e9tail se trouve sur le bord du document), nous devons imprimer sur un format plus grand, et effectuer une d\u00e9coupe au format d\u00e9sir\u00e9.<br \/>Pour cela il faut agrandir l\u2019image ou la couleur de fond du document afin de d\u00e9passer le format d\u00e9finitif d\u00e9sir\u00e9, ce dernier \u00e9tant d\u00e9termin\u00e9 par des traits de coupe. Attention : seul le fond doit \u00eatre prolong\u00e9 ! Le contenu non n\u00e9gligeable (textes, foliotages, photos,&#8230;) ne doit subir aucune modification, sinon il se retrouvera dans la zone \u00e0 couper\/rogner.<br \/><br \/><img decoding=\"async\" class=\"img_left\" src=\"https:\/\/www.plan2000.be\/images\/ico\/GRAPH_fondperdu.png\" alt=\"fond perdu\" border=\"none\" \/>Le fichier fourni doit donc avoir des dimensions sup\u00e9rieures au format d\u00e9sir\u00e9. Par exemple, pour un A4 \u00e0 bords perdus, le fichier comportera id\u00e9alement 3mm de fond perdu de chaque c\u00f4t\u00e9. Il mesurera donc 303x216mm, au lieu de 297x210mm.<br \/><br \/>Dans l\u2019exemple \u00e0 gauche, les pointill\u00e9s rouges repr\u00e9sentent le bord d\u00e9sir\u00e9 de mon document (\u00e9videmment ils ne doivent pas appara\u00eetre dans le fichier: ce n\u2019est qu\u2019un rep\u00e8re visuel pour l\u2019exemple), les traits noirs sont les rep\u00e8res de rognage (eux doivent appara\u00eetre dans le fichier). La zone bleue au-del\u00e0 des pointill\u00e9s sera rogn\u00e9e: il s\u2019agit du fond perdu.<br \/><br \/><em>Les marques rouges indiquent les d\u00e9tails \u00e0 bords perdus<\/em><\/p>\r\n<p>&nbsp;<\/p>\r\n<p>&nbsp;<\/p>\r\n<div class=\"conseils_h2\">Qu\u2019est-ce qu\u2019un profil de couleur ?<\/div>\r\n<p>&nbsp;<\/p>\r\n<div class=\"img_right\"><img decoding=\"async\" src=\"https:\/\/www.plan2000.be\/images\/GRAPH_rvb.png\" alt=\"puce\" border=\"none\" \/>RVB (Rouge Vert Bleu) utilis\u00e9 par les \u00e9crans<\/div>\r\n<div class=\"img_right\"><img decoding=\"async\" src=\"https:\/\/www.plan2000.be\/images\/GRAPH_cmjn.png\" alt=\"puce\" border=\"none\" \/>CMJN (Cyan Magenta Jaune Noir) utilis\u00e9 en impression.<\/div>\r\n<p>Il existe diff\u00e9rents profils de couleur pour un fichier, qui interpr\u00e8tent diff\u00e9remment les composantes de la couleur (la valeur de rouge, de bleu ou de vert dans une photo en RGB, le % de cyan, magenta, jaune ou noir dans une image en CMJN). Cela signifie que pour une couleur aux m\u00eames composantes, 2 profils diff\u00e9rents donneront 2 r\u00e9sultats diff\u00e9rents.\u00a0<br \/><br \/><\/p>\r\n<p><br \/>Il y a toujours un profil attribu\u00e9 \u00e0 un fichier, qui d\u00e9pend de l\u2019origine de celui-ci (photographie, scan, texte ou image cr\u00e9\u00e9s dans un programme,&#8230;). Il est tr\u00e8s important de respecter ce profil de couleur chaque fois que vous importez ou exportez votre fichier dans un programme, pour \u00e9viter d\u2019en alt\u00e9rer les couleurs. Il est \u00e9galement important, si votre programme vous le permet, d\u2019incorporer le profil au fichier. Cela signifie que le fichier re\u00e7oit une \u00ab\u00e9tiquette\u00bb portant le nom du profil \u00e0 utiliser lors de l\u2019impression pour respecter ses couleurs.<br \/>Dans beaucoup de cas, si vous ne connaissez pas le profil de vos fichiers, il est impossible \u00e0 l\u2019imprimeur de sortir les couleurs exactes. De nombreux sites expliquent comment g\u00e9rer les profils de couleur, informez-vous ! Chez Plan2000, nous imprimons par d\u00e9faut en sRGB (pour les fichiers en RVB) et en Fogra27 (pour les fichiers en CMJN), mais si vous utilisez un autre profil, faites-le-nous savoir\u00a0<\/p>\r\n<p>&nbsp;<\/p>\r\n<p class=\"orange4L\"><img decoding=\"async\" class=\"mallsizeL\" src=\"https:\/\/www.plan2000.be\/images\/SIM_modes.png\" alt=\"modes\" border=\"none\" \/>A gauche, l\u2019image source affich\u00e9e \u00e0<br \/>l\u2019\u00e9cran (RGB), \u00e0 droite l\u2019image telle qu\u2019elle<br \/>serait imprim\u00e9e (CMJN, couleurs simul\u00e9es)<\/p>\r\n<p><br \/><br \/><img decoding=\"async\" class=\"mallsizeR\" src=\"https:\/\/www.plan2000.be\/images\/SIM_profils.png\" alt=\"profils\" border=\"none\" \/><\/p>\r\n<p class=\"orange4R\">A droite, image avec profil Adobe RGB<br \/>98, \u00e0 droite la m\u00eame image affich\u00e9e avec<br \/>le mauvais profil<\/p>\r\n<p>&nbsp;<\/p>\r\n<p>&nbsp;<\/p>\r\n","protected":false},"excerpt":{"rendered":"<p>TRUCS ET ASTUCES HOW TO ET DIDACTICIELS CONSEILS PRATIQUES &nbsp; Quel format de fichier utiliser\u00a0? &nbsp; Pr\u00e9f\u00e9rez le format\u00a0PDF: il&hellip;<\/p>\n","protected":false},"author":1,"featured_media":0,"parent":0,"menu_order":0,"comment_status":"closed","ping_status":"closed","template":"","meta":{"footnotes":""},"class_list":["post-13","page","type-page","status-publish","hentry"],"aioseo_notices":[],"_links":{"self":[{"href":"https:\/\/www.plan2000.be\/ecom\/wp-json\/wp\/v2\/pages\/13","targetHints":{"allow":["GET"]}}],"collection":[{"href":"https:\/\/www.plan2000.be\/ecom\/wp-json\/wp\/v2\/pages"}],"about":[{"href":"https:\/\/www.plan2000.be\/ecom\/wp-json\/wp\/v2\/types\/page"}],"author":[{"embeddable":true,"href":"https:\/\/www.plan2000.be\/ecom\/wp-json\/wp\/v2\/users\/1"}],"replies":[{"embeddable":true,"href":"https:\/\/www.plan2000.be\/ecom\/wp-json\/wp\/v2\/comments?post=13"}],"version-history":[{"count":3,"href":"https:\/\/www.plan2000.be\/ecom\/wp-json\/wp\/v2\/pages\/13\/revisions"}],"predecessor-version":[{"id":96,"href":"https:\/\/www.plan2000.be\/ecom\/wp-json\/wp\/v2\/pages\/13\/revisions\/96"}],"wp:attachment":[{"href":"https:\/\/www.plan2000.be\/ecom\/wp-json\/wp\/v2\/media?parent=13"}],"curies":[{"name":"wp","href":"https:\/\/api.w.org\/{rel}","templated":true}]}}