{"id":591,"date":"2019-11-27T19:39:13","date_gmt":"2019-11-27T18:39:13","guid":{"rendered":"https:\/\/www.plan2000.be\/ecom\/?page_id=591"},"modified":"2020-05-30T01:09:40","modified_gmt":"2020-05-29T23:09:40","slug":"reliures","status":"publish","type":"page","link":"https:\/\/www.plan2000.be\/ecom\/reliures\/","title":{"rendered":"FINITIONS"},"content":{"rendered":"\t\t<div data-elementor-type=\"wp-page\" data-elementor-id=\"591\" class=\"elementor elementor-591\">\n\t\t\t\t\t\t<div class=\"elementor-inner\">\n\t\t\t\t<div class=\"elementor-section-wrap\">\n\t\t\t\t\t\t\t\t\t<section class=\"elementor-section elementor-top-section elementor-element elementor-element-53c2563 elementor-section-boxed elementor-section-height-default elementor-section-height-default\" data-id=\"53c2563\" data-element_type=\"section\">\n\t\t\t\t\t\t<div class=\"elementor-container elementor-column-gap-default\">\n\t\t\t\t\t\t\t<div class=\"elementor-row\">\n\t\t\t\t\t<div class=\"elementor-column elementor-col-100 elementor-top-column elementor-element elementor-element-08f7056\" data-id=\"08f7056\" data-element_type=\"column\">\n\t\t\t<div class=\"elementor-column-wrap\">\n\t\t\t\t\t\t\t<div class=\"elementor-widget-wrap\">\n\t\t\t\t\t\t\t\t<\/div>\n\t\t\t\t\t<\/div>\n\t\t<\/div>\n\t\t\t\t\t\t\t\t<\/div>\n\t\t\t\t\t<\/div>\n\t\t<\/section>\n\t\t\t\t<section class=\"elementor-section elementor-top-section elementor-element elementor-element-ff43c88 elementor-section-boxed elementor-section-height-default elementor-section-height-default\" data-id=\"ff43c88\" data-element_type=\"section\">\n\t\t\t\t\t\t<div class=\"elementor-container elementor-column-gap-default\">\n\t\t\t\t\t\t\t<div class=\"elementor-row\">\n\t\t\t\t\t<div class=\"elementor-column elementor-col-100 elementor-top-column elementor-element elementor-element-93b8456\" data-id=\"93b8456\" data-element_type=\"column\">\n\t\t\t<div class=\"elementor-column-wrap elementor-element-populated\">\n\t\t\t\t\t\t\t<div class=\"elementor-widget-wrap\">\n\t\t\t\t\t\t<div class=\"elementor-element elementor-element-c938326 elementor-widget elementor-widget-text-editor\" data-id=\"c938326\" data-element_type=\"widget\" data-widget_type=\"text-editor.default\">\n\t\t\t\t<div class=\"elementor-widget-container\">\n\t\t\t\t\t\t\t\t<div class=\"elementor-text-editor elementor-clearfix\">\n\t\t\t\t<h3>Finitions<\/h3><p><br \/><img decoding=\"async\" src=\"https:\/\/www.plan2000.be\/images\/ico\/pla3d.png\" alt=\"puce\" border=\"none\" \/> Pli (roul\u00e9, en Z, portefeuille, personnalis\u00e9,&#8230;)<\/p><div class=\"droprightV\"><img loading=\"lazy\" decoding=\"async\" src=\"https:\/\/www.plan2000.be\/images\/Ztripti.jpg\" alt=\"Finitions\" width=\"20\" height=\"15\" \/><\/div><p><img decoding=\"async\" src=\"https:\/\/www.plan2000.be\/images\/ico\/pla3d.png\" alt=\"puce\" border=\"none\" \/> Tra\u00e7age pour pli de papiers \u00e9pais (\u00e0 partir de 200g)<\/p><div class=\"droprightV0\"><img loading=\"lazy\" decoding=\"async\" src=\"https:\/\/www.plan2000.be\/images\/P1010425.JPG\" alt=\"Finitions\" width=\"20\" height=\"15\" \/><\/div><p><img decoding=\"async\" src=\"https:\/\/www.plan2000.be\/images\/ico\/pla3d.png\" alt=\"puce\" border=\"none\" \/> Microperforation (coupons d\u00e9tachables)<\/p><div class=\"droprightV1\"><img loading=\"lazy\" decoding=\"async\" src=\"https:\/\/www.plan2000.be\/images\/photo_couleur_okc.jpg\" alt=\"Finitions\" width=\"20\" height=\"15\" \/><\/div><p><img decoding=\"async\" src=\"https:\/\/www.plan2000.be\/images\/ico\/pla3d.png\" alt=\"puce\" border=\"none\" \/> Feuillets d\u00e9collables (factures,&#8230;)<\/p><div class=\"droprightV2\"><img loading=\"lazy\" decoding=\"async\" src=\"https:\/\/www.plan2000.be\/images\/P1010423.JPG\" alt=\"Finitions\" width=\"20\" height=\"15\" \/><\/div><p><img decoding=\"async\" src=\"https:\/\/www.plan2000.be\/images\/ico\/pla3d.png\" alt=\"puce\" border=\"none\" \/> Plastification (pochettes imp\u00e9rm\u00e9able jusqu&rsquo;au format A3)<\/p>\t\t\t\t\t<\/div>\n\t\t\t\t\t\t<\/div>\n\t\t\t\t<\/div>\n\t\t\t\t\t\t<\/div>\n\t\t\t\t\t<\/div>\n\t\t<\/div>\n\t\t\t\t\t\t\t\t<\/div>\n\t\t\t\t\t<\/div>\n\t\t<\/section>\n\t\t\t\t<section class=\"elementor-section elementor-top-section elementor-element elementor-element-6438a87 elementor-section-boxed elementor-section-height-default elementor-section-height-default\" data-id=\"6438a87\" data-element_type=\"section\">\n\t\t\t\t\t\t<div class=\"elementor-container elementor-column-gap-default\">\n\t\t\t\t\t\t\t<div class=\"elementor-row\">\n\t\t\t\t\t<div class=\"elementor-column elementor-col-100 elementor-top-column elementor-element elementor-element-4e35289\" data-id=\"4e35289\" data-element_type=\"column\">\n\t\t\t<div class=\"elementor-column-wrap\">\n\t\t\t\t\t\t\t<div class=\"elementor-widget-wrap\">\n\t\t\t\t\t\t\t\t<\/div>\n\t\t\t\t\t<\/div>\n\t\t<\/div>\n\t\t\t\t\t\t\t\t<\/div>\n\t\t\t\t\t<\/div>\n\t\t<\/section>\n\t\t\t\t<section class=\"elementor-section elementor-top-section elementor-element elementor-element-0ecb700 elementor-section-boxed elementor-section-height-default elementor-section-height-default\" data-id=\"0ecb700\" data-element_type=\"section\">\n\t\t\t\t\t\t<div class=\"elementor-container elementor-column-gap-default\">\n\t\t\t\t\t\t\t<div class=\"elementor-row\">\n\t\t\t\t\t<div class=\"elementor-column elementor-col-100 elementor-top-column elementor-element elementor-element-cb8976a\" data-id=\"cb8976a\" data-element_type=\"column\">\n\t\t\t<div class=\"elementor-column-wrap elementor-element-populated\">\n\t\t\t\t\t\t\t<div class=\"elementor-widget-wrap\">\n\t\t\t\t\t\t<div class=\"elementor-element elementor-element-b81fcfd elementor-arrows-position-inside elementor-pagination-position-outside elementor-widget elementor-widget-image-carousel\" data-id=\"b81fcfd\" data-element_type=\"widget\" data-settings=\"{&quot;navigation&quot;:&quot;both&quot;,&quot;autoplay&quot;:&quot;yes&quot;,&quot;pause_on_hover&quot;:&quot;yes&quot;,&quot;pause_on_interaction&quot;:&quot;yes&quot;,&quot;autoplay_speed&quot;:5000,&quot;infinite&quot;:&quot;yes&quot;,&quot;speed&quot;:500}\" data-widget_type=\"image-carousel.default\">\n\t\t\t\t<div class=\"elementor-widget-container\">\n\t\t\t\t\t<div class=\"elementor-image-carousel-wrapper swiper-container\" dir=\"ltr\">\n\t\t\t<div class=\"elementor-image-carousel swiper-wrapper\">\n\t\t\t\t\t\t\t\t<div class=\"swiper-slide\"><figure class=\"swiper-slide-inner\"><img decoding=\"async\" class=\"swiper-slide-image\" src=\"https:\/\/www.plan2000.be\/ecom\/wp-content\/uploads\/2019\/09\/ILLU202.gif\" alt=\"ILLU202\" \/><\/figure><\/div><div class=\"swiper-slide\"><figure class=\"swiper-slide-inner\"><img decoding=\"async\" class=\"swiper-slide-image\" src=\"https:\/\/www.plan2000.be\/ecom\/wp-content\/uploads\/2019\/09\/wire-o.jpg\" alt=\"wire-o\" \/><\/figure><\/div><div class=\"swiper-slide\"><figure class=\"swiper-slide-inner\"><img decoding=\"async\" class=\"swiper-slide-image\" src=\"https:\/\/www.plan2000.be\/ecom\/wp-content\/uploads\/2019\/09\/photo_livrets_cenci.jpg\" alt=\"photo_livrets_cenci\" \/><\/figure><\/div><div class=\"swiper-slide\"><figure class=\"swiper-slide-inner\"><img decoding=\"async\" class=\"swiper-slide-image\" src=\"https:\/\/www.plan2000.be\/ecom\/wp-content\/uploads\/2019\/09\/photo_banniere.jpg\" alt=\"photo_banniere\" \/><\/figure><\/div><div class=\"swiper-slide\"><figure class=\"swiper-slide-inner\"><img decoding=\"async\" class=\"swiper-slide-image\" src=\"https:\/\/www.plan2000.be\/ecom\/wp-content\/uploads\/2019\/09\/photo_doscarre.jpg\" alt=\"photo_doscarre\" \/><\/figure><\/div><div class=\"swiper-slide\"><figure class=\"swiper-slide-inner\"><img decoding=\"async\" class=\"swiper-slide-image\" src=\"https:\/\/www.plan2000.be\/ecom\/wp-content\/uploads\/2019\/09\/photo_couleur_okc.jpg\" alt=\"photo_couleur_okc\" \/><\/figure><\/div>\t\t\t<\/div>\n\t\t\t\t\t\t\t\t\t\t\t\t<div class=\"swiper-pagination\"><\/div>\n\t\t\t\t\t\t\t\t\t\t\t\t\t<div class=\"elementor-swiper-button elementor-swiper-button-prev\">\n\t\t\t\t\t\t<i aria-hidden=\"true\" class=\"eicon-chevron-left\"><\/i>\t\t\t\t\t\t<span class=\"elementor-screen-only\">Pr\u00e9c\u00e9dent<\/span>\n\t\t\t\t\t<\/div>\n\t\t\t\t\t<div class=\"elementor-swiper-button elementor-swiper-button-next\">\n\t\t\t\t\t\t<i aria-hidden=\"true\" class=\"eicon-chevron-right\"><\/i>\t\t\t\t\t\t<span class=\"elementor-screen-only\">Suivant<\/span>\n\t\t\t\t\t<\/div>\n\t\t\t\t\t\t\t\t\t<\/div>\n\t\t\t\t<\/div>\n\t\t\t\t<\/div>\n\t\t\t\t\t\t<\/div>\n\t\t\t\t\t<\/div>\n\t\t<\/div>\n\t\t\t\t\t\t\t\t<\/div>\n\t\t\t\t\t<\/div>\n\t\t<\/section>\n\t\t\t\t\t\t\t\t\t<\/div>\n\t\t\t<\/div>\n\t\t\t\t\t<\/div>\n\t\t","protected":false},"excerpt":{"rendered":"<p>Finitions Pli (roul\u00e9, en Z, portefeuille, personnalis\u00e9,&#8230;) Tra\u00e7age pour pli de papiers \u00e9pais (\u00e0 partir de 200g) Microperforation (coupons d\u00e9tachables)&hellip;<\/p>\n","protected":false},"author":1,"featured_media":0,"parent":0,"menu_order":0,"comment_status":"closed","ping_status":"closed","template":"","meta":{"footnotes":""},"class_list":["post-591","page","type-page","status-publish","hentry"],"aioseo_notices":[],"_links":{"self":[{"href":"https:\/\/www.plan2000.be\/ecom\/wp-json\/wp\/v2\/pages\/591","targetHints":{"allow":["GET"]}}],"collection":[{"href":"https:\/\/www.plan2000.be\/ecom\/wp-json\/wp\/v2\/pages"}],"about":[{"href":"https:\/\/www.plan2000.be\/ecom\/wp-json\/wp\/v2\/types\/page"}],"author":[{"embeddable":true,"href":"https:\/\/www.plan2000.be\/ecom\/wp-json\/wp\/v2\/users\/1"}],"replies":[{"embeddable":true,"href":"https:\/\/www.plan2000.be\/ecom\/wp-json\/wp\/v2\/comments?post=591"}],"version-history":[{"count":6,"href":"https:\/\/www.plan2000.be\/ecom\/wp-json\/wp\/v2\/pages\/591\/revisions"}],"predecessor-version":[{"id":699,"href":"https:\/\/www.plan2000.be\/ecom\/wp-json\/wp\/v2\/pages\/591\/revisions\/699"}],"wp:attachment":[{"href":"https:\/\/www.plan2000.be\/ecom\/wp-json\/wp\/v2\/media?parent=591"}],"curies":[{"name":"wp","href":"https:\/\/api.w.org\/{rel}","templated":true}]}}